{"id":833,"date":"2025-04-07T14:58:48","date_gmt":"2025-04-07T12:58:48","guid":{"rendered":"https:\/\/sekreta.se\/blogg\/"},"modified":"2026-02-27T09:56:50","modified_gmt":"2026-02-27T08:56:50","slug":"blogg","status":"publish","type":"page","link":"https:\/\/annabenaja.se\/pl\/blogg\/","title":{"rendered":"Blogg"},"content":{"rendered":"<div class=\"wpb-content-wrapper\"><p>[vc_row full_width=&#8221;stretch_row&#8221; el_id=&#8221;start_inside&#8221;][vc_column][vc_column_text css=&#8221;&#8221;]<\/p>\n<h1>Blogg<\/h1>\n<p>[\/vc_column_text][\/vc_column][\/vc_row][vc_row][vc_column][vc_empty_space height=&#8221;65px&#8221;][\/vc_column][\/vc_row][vc_row][vc_column width=&#8221;1\/2&#8243;][vc_column_text css=&#8221;&#8221;]My\u015bli, kt\u00f3re pozosta\u0142y&#8230;<\/p>\n<p>Obserwuj\u0119 \u015bwiat, kolekcjonuj\u0105c historie w\u0142asne i cudze. Pisanie to m\u00f3j spos\u00f3b na ich zrozumienie i forma kontaktu z tymi, kt\u00f3rzy chc\u0105 czyta\u0107 i polemizowa\u0107. Cho\u0107 ka\u017cda droga jest inna, do\u015bwiadczenia moje i wasze pokazuj\u0105, \u017ce wiele nas \u0142\u0105czy i \u017ce warto o tym rozmawia\u0107, aby sie wspiera\u0107 i rozwija\u0107.<\/p>\n<p>Pisanie w formie dziennik\u00f3w i artyku\u0142\u00f3w towarzyszy mi przez ca\u0142e \u017cycie. Jakiej tematyki mo\u017cesz si\u0119 spodziewa\u0107? R\u00f3\u017cnej, poniewa\u017c inspiruje mnie \u017cycie po prostu. M\u00f3j spos\u00f3b pisania i analizy jest dosy\u0107 konkretny, staram si\u0119 skupia\u0107 na sednie tego, co mnie nurtuje, nie u\u017cywa\u0107 przy tym g\u00f3rnolotnych frazes\u00f3w czy psychologicznych popkultorowych hase\u0142, aczkolwiek nie spos\u00f3b czasem o nich nie wspomnie\u0107 w szerszym kontek\u015bcie. Czasami podpieram sie wynikami bada\u0144 podaj\u0105c \u017ar\u00f3d\u0142a, ale w znakomitej wi\u0119kszo\u015bci moje tre\u015bci s\u0105 tre\u015bciami mojego autorstwa i w niekt\u00f3rych przypadkach maj\u0105 charakter bardzo osobisty.<\/p>\n<p>[\/vc_column_text][\/vc_column][vc_column width=&#8221;1\/2&#8243;][vc_single_image image=&#8221;379&#8243; img_size=&#8221;full&#8221; css=&#8221;&#8221;][\/vc_column][\/vc_row][vc_row][vc_column][vc_empty_space height=&#8221;65px&#8221;][\/vc_column][\/vc_row][vc_row][vc_column][vc_basic_grid post_type=&#8221;post&#8221; max_items=&#8221;-1&#8243; style=&#8221;pagination&#8221; items_per_page=&#8221;9&#8243; paging_design=&#8221;pagination_stripes_dark&#8221; paging_color=&#8221;black&#8221; item=&#8221;138&#8243; css=&#8221;&#8221; grid_id=&#8221;vc_gid:1772182578609-686eb61c-0db1-0&#8243; taxonomies=&#8221;7&#8243;][\/vc_column][\/vc_row][vc_row][vc_column][vc_empty_space height=&#8221;65px&#8221;][\/vc_column][\/vc_row]<\/p>\n<\/div>","protected":false},"excerpt":{"rendered":"<p>[vc_row full_width=&#8221;stretch_row&#8221; el_id=&#8221;start_inside&#8221;][vc_column][vc_column_text css=&#8221;&#8221;] Blogg [\/vc_column_text][\/vc_column][\/vc_row][vc_row][vc_column][vc_empty_space height=&#8221;65px&#8221;][\/vc_column][\/vc_row][vc_row][vc_column width=&#8221;1\/2&#8243;][vc_column_text css=&#8221;&#8221;]My\u015bli, kt\u00f3re pozosta\u0142y&#8230; Obserwuj\u0119 \u015bwiat, kolekcjonuj\u0105c historie w\u0142asne i cudze. Pisanie to m\u00f3j spos\u00f3b na ich zrozumienie i forma kontaktu z tymi, kt\u00f3rzy chc\u0105 czyta\u0107 i polemizowa\u0107. Cho\u0107 ka\u017cda droga jest inna, do\u015bwiadczenia moje i wasze pokazuj\u0105, \u017ce wiele nas \u0142\u0105czy i \u017ce warto o tym rozmawia\u0107, [&hellip;]<\/p>\n","protected":false},"author":2,"featured_media":0,"parent":0,"menu_order":0,"comment_status":"closed","ping_status":"closed","template":"","meta":{"footnotes":""},"class_list":["post-833","page","type-page","status-publish","hentry"],"_links":{"self":[{"href":"https:\/\/annabenaja.se\/pl\/wp-json\/wp\/v2\/pages\/833","targetHints":{"allow":["GET"]}}],"collection":[{"href":"https:\/\/annabenaja.se\/pl\/wp-json\/wp\/v2\/pages"}],"about":[{"href":"https:\/\/annabenaja.se\/pl\/wp-json\/wp\/v2\/types\/page"}],"author":[{"embeddable":true,"href":"https:\/\/annabenaja.se\/pl\/wp-json\/wp\/v2\/users\/2"}],"replies":[{"embeddable":true,"href":"https:\/\/annabenaja.se\/pl\/wp-json\/wp\/v2\/comments?post=833"}],"version-history":[{"count":15,"href":"https:\/\/annabenaja.se\/pl\/wp-json\/wp\/v2\/pages\/833\/revisions"}],"predecessor-version":[{"id":910,"href":"https:\/\/annabenaja.se\/pl\/wp-json\/wp\/v2\/pages\/833\/revisions\/910"}],"wp:attachment":[{"href":"https:\/\/annabenaja.se\/pl\/wp-json\/wp\/v2\/media?parent=833"}],"curies":[{"name":"wp","href":"https:\/\/api.w.org\/{rel}","templated":true}]}}