{"id":865,"date":"2022-08-10T19:07:54","date_gmt":"2022-08-10T17:07:54","guid":{"rendered":"https:\/\/sekreta.se\/hem\/"},"modified":"2026-02-24T14:30:03","modified_gmt":"2026-02-24T13:30:03","slug":"hem","status":"publish","type":"page","link":"https:\/\/annabenaja.se\/pl\/","title":{"rendered":"Hem"},"content":{"rendered":"<div class=\"wpb-content-wrapper\"><p>[vc_row full_width=&#8221;stretch_row&#8221; el_id=&#8221;start&#8221; css=&#8221;.vc_custom_1744280112874{background-image: url(\/files\/blommor.jpg?id=268) !important;background-position: center !important;background-repeat: no-repeat !important;background-size: cover !important;}&#8221;][vc_column][vc_empty_space height=&#8221;45px&#8221;][vc_row_inner content_placement=&#8221;middle&#8221;][vc_column_inner width=&#8221;1\/2&#8243;][vc_column_text css=&#8221;&#8221;]<\/p>\n<h1>My\u015bli, kt\u00f3re pozosta\u0142y&#8230;<\/h1>\n<p>[\/vc_column_text][\/vc_column_inner][vc_column_inner width=&#8221;1\/2&#8243;][\/vc_column_inner][\/vc_row_inner][vc_empty_space][\/vc_column][\/vc_row][vc_row][vc_column][vc_empty_space height=&#8221;65px&#8221;][\/vc_column][\/vc_row][vc_row][vc_column][vc_column_text css=&#8221;&#8221;]Obserwuj\u0119 \u015bwiat, kolekcjonuj\u0105c historie w\u0142asne i cudze. Pisanie to m\u00f3j spos\u00f3b na ich zrozumienie i forma kontaktu z tymi, kt\u00f3rzy chc\u0105 czyta\u0107 i polemizowa\u0107. Cho\u0107 ka\u017cda droga jest inna, do\u015bwiadczenia moje i wasze pokazuj\u0105, \u017ce wiele nas \u0142\u0105czy i \u017ce warto o tym rozmawia\u0107, aby sie wspiera\u0107 i rozwija\u0107.<\/p>\n<p>Pisanie w formie dziennik\u00f3w i artyku\u0142\u00f3w towarzyszy mi przez ca\u0142e \u017cycie. Jakiej tematyki mo\u017cesz si\u0119 spodziewa\u0107? R\u00f3\u017cnej, poniewa\u017c inspiruje mnie \u017cycie po prostu. M\u00f3j spos\u00f3b pisania i analizy jest dosy\u0107 konkretny, staram si\u0119 skupia\u0107 na sednie tego, co mnie nurtuje, nie u\u017cywa\u0107 przy tym g\u00f3rnolotnych frazes\u00f3w czy psychologicznych popkultorowych hase\u0142, aczkolwiek nie spos\u00f3b czasem o nich nie wspomnie\u0107 w szerszym kontek\u015bcie. Czasami podpieram sie wynikami bada\u0144 podaj\u0105c \u017ar\u00f3d\u0142a, ale w znakomitej wi\u0119kszo\u015bci moje tre\u015bci s\u0105 tre\u015bciami mojego autorstwa i w niekt\u00f3rych przypadkach maj\u0105 charakter bardzo osobisty.[\/vc_column_text][\/vc_column][\/vc_row][vc_row][vc_column][vc_empty_space height=&#8221;65px&#8221;][\/vc_column][\/vc_row]<\/p>\n<\/div>","protected":false},"excerpt":{"rendered":"<p>[vc_row full_width=&#8221;stretch_row&#8221; el_id=&#8221;start&#8221; css=&#8221;.vc_custom_1744280112874{background-image: url(\/files\/blommor.jpg?id=268) !important;background-position: center !important;background-repeat: no-repeat !important;background-size: cover !important;}&#8221;][vc_column][vc_empty_space height=&#8221;45px&#8221;][vc_row_inner content_placement=&#8221;middle&#8221;][vc_column_inner width=&#8221;1\/2&#8243;][vc_column_text css=&#8221;&#8221;] My\u015bli, kt\u00f3re pozosta\u0142y&#8230; [\/vc_column_text][\/vc_column_inner][vc_column_inner width=&#8221;1\/2&#8243;][\/vc_column_inner][\/vc_row_inner][vc_empty_space][\/vc_column][\/vc_row][vc_row][vc_column][vc_empty_space height=&#8221;65px&#8221;][\/vc_column][\/vc_row][vc_row][vc_column][vc_column_text css=&#8221;&#8221;]Obserwuj\u0119 \u015bwiat, kolekcjonuj\u0105c historie w\u0142asne i cudze. Pisanie to m\u00f3j spos\u00f3b na ich zrozumienie i forma kontaktu z tymi, kt\u00f3rzy chc\u0105 czyta\u0107 i polemizowa\u0107. Cho\u0107 ka\u017cda droga jest inna, do\u015bwiadczenia moje i wasze [&hellip;]<\/p>\n","protected":false},"author":2,"featured_media":0,"parent":0,"menu_order":1,"comment_status":"closed","ping_status":"closed","template":"","meta":{"footnotes":""},"class_list":["post-865","page","type-page","status-publish","hentry"],"_links":{"self":[{"href":"https:\/\/annabenaja.se\/pl\/wp-json\/wp\/v2\/pages\/865","targetHints":{"allow":["GET"]}}],"collection":[{"href":"https:\/\/annabenaja.se\/pl\/wp-json\/wp\/v2\/pages"}],"about":[{"href":"https:\/\/annabenaja.se\/pl\/wp-json\/wp\/v2\/types\/page"}],"author":[{"embeddable":true,"href":"https:\/\/annabenaja.se\/pl\/wp-json\/wp\/v2\/users\/2"}],"replies":[{"embeddable":true,"href":"https:\/\/annabenaja.se\/pl\/wp-json\/wp\/v2\/comments?post=865"}],"version-history":[{"count":7,"href":"https:\/\/annabenaja.se\/pl\/wp-json\/wp\/v2\/pages\/865\/revisions"}],"predecessor-version":[{"id":872,"href":"https:\/\/annabenaja.se\/pl\/wp-json\/wp\/v2\/pages\/865\/revisions\/872"}],"wp:attachment":[{"href":"https:\/\/annabenaja.se\/pl\/wp-json\/wp\/v2\/media?parent=865"}],"curies":[{"name":"wp","href":"https:\/\/api.w.org\/{rel}","templated":true}]}}